{"id":2,"date":"2021-05-07T09:38:37","date_gmt":"2021-05-07T14:38:37","guid":{"rendered":"https:\/\/villailuminadafestivales.com\/?page_id=2"},"modified":"2021-07-01T17:35:04","modified_gmt":"2021-07-01T22:35:04","slug":"preguntas-frecuentes","status":"publish","type":"page","link":"https:\/\/villailuminadafestivales.com\/?page_id=2","title":{"rendered":"Preguntas frecuentes"},"content":{"rendered":"[vc_row type=\u00bbin_container\u00bb full_screen_row_position=\u00bbmiddle\u00bb column_margin=\u00bbdefault\u00bb column_direction=\u00bbdefault\u00bb column_direction_tablet=\u00bbdefault\u00bb column_direction_phone=\u00bbdefault\u00bb scene_position=\u00bbcenter\u00bb text_color=\u00bbdark\u00bb text_align=\u00bbleft\u00bb row_border_radius=\u00bbnone\u00bb row_border_radius_applies=\u00bbbg\u00bb overlay_strength=\u00bb0.3&#8243; gradient_direction=\u00bbleft_to_right\u00bb shape_divider_position=\u00bbbottom\u00bb bg_image_animation=\u00bbnone\u00bb][vc_column column_padding=\u00bbno-extra-padding\u00bb column_padding_tablet=\u00bbinherit\u00bb column_padding_phone=\u00bbinherit\u00bb column_padding_position=\u00bball\u00bb column_element_spacing=\u00bbdefault\u00bb background_color_opacity=\u00bb1&#8243; background_hover_color_opacity=\u00bb1&#8243; column_shadow=\u00bbnone\u00bb column_border_radius=\u00bbnone\u00bb column_link_target=\u00bb_self\u00bb gradient_direction=\u00bbleft_to_right\u00bb overlay_strength=\u00bb0.3&#8243; width=\u00bb1\/1&#8243; tablet_width_inherit=\u00bbdefault\u00bb tablet_text_alignment=\u00bbdefault\u00bb phone_text_alignment=\u00bbdefault\u00bb bg_image_animation=\u00bbnone\u00bb border_type=\u00bbsimple\u00bb column_border_width=\u00bbnone\u00bb column_border_style=\u00bbsolid\u00bb][vc_column_text]\n<h1 style=\"text-align: center;\"><strong>Preguntas Frecuentes<\/strong><\/h1>\n[\/vc_column_text][divider line_type=\u00bbNo Line\u00bb custom_height=\u00bb50&#8243;][toggles style=\u00bbminimal\u00bb accordion=\u00bbtrue\u00bb accordion_starting_functionality=\u00bbdefault\u00bb][toggle color=\u00bbDefault\u00bb title=\u00bb\u00bfQu\u00e9 es Festival de Paja?\u00bb][vc_column_text max_width=\u00bb1200&#8243;]\n<p><span style=\"font-weight: 400;\">Es un Festival tem\u00e1tico para visitar de d\u00eda, en donde se exponen bellas y gigantes esculturas de paja en un ambiente alegre y pintoresco. Dentro de las instalaciones vivir\u00e1s una experiencia muy divertida y disfrutar\u00e1s de espacios atractivos; mismos que se pueden fotografiar y recorrer a pie o en tren. \u00a1\u00a1No te lo puedes perder!! <\/span><\/p>\n[\/vc_column_text][\/toggle][toggle color=\u00bbDefault\u00bb title=\u00bb\u00bfHay estacionamiento?\u00bb][vc_column_text]\n<p><span style=\"font-weight: 400;\">S\u00ed contamos con espacio seguro para estacionamiento el cual tiene costo y se encuentra al costado de la entrada del parque.<\/span><\/p>\n[\/vc_column_text][\/toggle][toggle color=\u00bbDefault\u00bb title=\u00bb\u00bfHabr\u00e1 servicio m\u00e9dico en el Festival?\u00bb][vc_column_text]\n<p><span style=\"font-weight: 400;\">En el festival se cuenta con una estaci\u00f3n de primeros auxilios y personal para atender a los visitantes en caso requerido.<\/span><\/p>\n[\/vc_column_text][\/toggle][toggle color=\u00bbDefault\u00bb title=\u00bb\u00bfAceptan Tarjetas de Cr\u00e9dito o D\u00e9bito?\u00bb][vc_column_text]\n<p><span style=\"font-weight: 400;\">Si aceptamos tarjetas de d\u00e9bito, cr\u00e9dito y pago en efectivo.<\/span><\/p>\n[\/vc_column_text][\/toggle][toggle color=\u00bbDefault\u00bb title=\u00bb\u00bfHabr\u00e1 zona de alimentos?\u00bb][vc_column_text]\n<p><span style=\"font-weight: 400;\">S\u00ed hay una zona designada para alimentos dentro del establecimiento. La variedad de alimentos y bebidas que se pueden adquirir son: pizzas, choripanes, papas, chocolates, refrescos y cervezas, etc..<\/span><\/p>\n[\/vc_column_text][\/toggle][toggle color=\u00bbDefault\u00bb title=\u00bb\u00bfEn d\u00f3nde se encuentran las instalaciones del Festival de Paja?\u00bb][vc_column_text]\n<p><span style=\"font-weight: 400;\">En las instalaciones de Xtremo Parque (calle 6 sur S\/N, Aer\u00f3dromo de Atlixco, CP. 74377) del Estado de Puebla.<\/span><\/p>\n[\/vc_column_text][\/toggle][toggle color=\u00bbDefault\u00bb title=\u00bb\u00bfD\u00f3nde inicia el recorrido?\u00bb][vc_column_text]\n<p><span style=\"font-weight: 400;\">El recorrido inicia en la<\/span> <span style=\"font-weight: 400;\">entrada principal, donde tenemos una zona de sanitizaci\u00f3n, despu\u00e9s habr\u00e1 se\u00f1al\u00e9ticas que te indique como hacer el recorrido.<\/span><\/p>\n[\/vc_column_text][\/toggle][toggle color=\u00bbDefault\u00bb title=\u00bb\u00bfCu\u00e1l es el precio de entrada y atracciones?\u00bb][vc_column_text]\n<ul>\n<li aria-level=\"1\"><b>\u00a0Evento Festival de Paja<\/b><\/li>\n<\/ul>\n<p><span style=\"font-weight: 400;\">Entrada al parque de jueves a domingo\u00a0 $156.00\u00a0<\/span><\/p>\n<ul>\n<li style=\"font-weight: 400;\" aria-level=\"1\"><span style=\"font-weight: 400;\">\u00a0<\/span><b>Festival de Paja\u00a0 + La Magia de la Vida (El desfile)<\/b><\/li>\n<\/ul>\n<p><span style=\"font-weight: 400;\">Entrada al parque de jueves a domingo (Incluye entrada al parque, recorrido en tren, y la entrada al Desfile La magia de la vida en asientos generales)\u00a0 $385.00<\/span><\/p>\n<p><span style=\"font-weight: 400;\">Entrada al parque de jueves a domingo VIP (Incluye entrada al parque, recorrido en tren, y la entrada al Desfile La magia de la vida en asientos VIP)\u00a0 $495.00<\/span><\/p>\n<p><span style=\"font-weight: 400;\">Entrada al parque de jueves a domingo PREMIUM (Incluye entrada al parque, recorrido en tren, la entrada al Desfile La magia de la vida en asientos VIP y degustaci\u00f3n del mejor vino de la regi\u00f3n)\u00a0 $715.00<\/span>[\/vc_column_text][\/toggle][toggle color=\u00bbDefault\u00bb title=\u00bb\u00bfCu\u00e1les son los horarios de entrada al Festival de Paja?\u00bb][vc_column_text]\n<p><span style=\"font-weight: 400;\">Los horarios al p\u00fablico son de jueves a domingo de 12:00 pm a 9:00 pm<\/span><\/p>\n[\/vc_column_text][\/toggle][toggle color=\u00bbDefault\u00bb title=\u00bb\u00bfHay un mapa para consultar el recorrido?\u00bb][vc_column_text]\n<p><span style=\"font-weight: 400;\">Se puede consultar el mapa del evento en la p\u00e1gina web y se encontrar\u00e1 impreso en las instalaciones del parque.<\/span><\/p>\n[\/vc_column_text][\/toggle][\/toggles][\/vc_column][\/vc_row]\n","protected":false},"excerpt":{"rendered":"<p>[vc_row type=\u00bbin_container\u00bb full_screen_row_position=\u00bbmiddle\u00bb column_margin=\u00bbdefault\u00bb column_direction=\u00bbdefault\u00bb column_direction_tablet=\u00bbdefault\u00bb column_direction_phone=\u00bbdefault\u00bb scene_position=\u00bbcenter\u00bb text_color=\u00bbdark\u00bb text_align=\u00bbleft\u00bb row_border_radius=\u00bbnone\u00bb row_border_radius_applies=\u00bbbg\u00bb overlay_strength=\u00bb0.3&#8243; gradient_direction=\u00bbleft_to_right\u00bb shape_divider_position=\u00bbbottom\u00bb bg_image_animation=\u00bbnone\u00bb][vc_column column_padding=\u00bbno-extra-padding\u00bb column_padding_tablet=\u00bbinherit\u00bb column_padding_phone=\u00bbinherit\u00bb column_padding_position=\u00bball\u00bb column_element_spacing=\u00bbdefault\u00bb background_color_opacity=\u00bb1&#8243; background_hover_color_opacity=\u00bb1&#8243; column_shadow=\u00bbnone\u00bb column_border_radius=\u00bbnone\u00bb column_link_target=\u00bb_self\u00bb gradient_direction=\u00bbleft_to_right\u00bb overlay_strength=\u00bb0.3&#8243; width=\u00bb1\/1&#8243; tablet_width_inherit=\u00bbdefault\u00bb&#8230;<\/p>\n","protected":false},"author":1,"featured_media":0,"parent":0,"menu_order":0,"comment_status":"closed","ping_status":"closed","template":"","meta":[],"yoast_head":"<!-- This site is optimized with the Yoast SEO plugin v16.8 - https:\/\/yoast.com\/wordpress\/plugins\/seo\/ -->\n<title>Preguntas frecuentes - Villa iluminada Festivales<\/title>\n<meta name=\"description\" content=\"Todo lo que necesitas saber sobre el Festival de Paja . Desde el 2 de Julio en M\u00e9xico para que puedas disfrutar junto a la familia y amigos\" \/>\n<meta name=\"robots\" content=\"index, follow, max-snippet:-1, max-image-preview:large, max-video-preview:-1\" \/>\n<link rel=\"canonical\" href=\"https:\/\/villailuminadafestivales.com\/?page_id=2\" \/>\n<meta property=\"og:locale\" content=\"es_ES\" \/>\n<meta property=\"og:type\" content=\"article\" \/>\n<meta property=\"og:title\" content=\"Preguntas frecuentes - Villa iluminada Festivales\" \/>\n<meta property=\"og:description\" content=\"Todo lo que necesitas saber sobre el Festival de Paja . Desde el 2 de Julio en M\u00e9xico para que puedas disfrutar junto a la familia y amigos\" \/>\n<meta property=\"og:url\" content=\"https:\/\/villailuminadafestivales.com\/?page_id=2\" \/>\n<meta property=\"og:site_name\" content=\"Villa iluminada Festivales\" \/>\n<meta property=\"article:publisher\" content=\"https:\/\/www.facebook.com\/VillaIluminadaOficial\" \/>\n<meta property=\"article:modified_time\" content=\"2021-07-01T22:35:04+00:00\" \/>\n<meta name=\"twitter:card\" content=\"summary_large_image\" \/>\n<script type=\"application\/ld+json\" class=\"yoast-schema-graph\">{\"@context\":\"https:\/\/schema.org\",\"@graph\":[{\"@type\":\"Organization\",\"@id\":\"https:\/\/villailuminadafestivales.com\/#organization\",\"name\":\"Festival de paja\",\"url\":\"https:\/\/villailuminadafestivales.com\/\",\"sameAs\":[\"https:\/\/www.facebook.com\/VillaIluminadaOficial\",\"https:\/\/www.instagram.com\/villailuminadaoficial\/\",\"https:\/\/www.youtube.com\/channel\/UCYOg8D70Ld0FH86WcwzIEtw\"],\"logo\":{\"@type\":\"ImageObject\",\"@id\":\"https:\/\/villailuminadafestivales.com\/#logo\",\"inLanguage\":\"es\",\"url\":\"https:\/\/villailuminadafestivales.com\/wp-content\/uploads\/2021\/05\/FESTIVAL-DE-PAJA-FINAL-e1621550083961.png\",\"contentUrl\":\"https:\/\/villailuminadafestivales.com\/wp-content\/uploads\/2021\/05\/FESTIVAL-DE-PAJA-FINAL-e1621550083961.png\",\"width\":250,\"height\":250,\"caption\":\"Festival de paja\"},\"image\":{\"@id\":\"https:\/\/villailuminadafestivales.com\/#logo\"}},{\"@type\":\"WebSite\",\"@id\":\"https:\/\/villailuminadafestivales.com\/#website\",\"url\":\"https:\/\/villailuminadafestivales.com\/\",\"name\":\"Villa iluminada Festivales\",\"description\":\"\",\"publisher\":{\"@id\":\"https:\/\/villailuminadafestivales.com\/#organization\"},\"potentialAction\":[{\"@type\":\"SearchAction\",\"target\":{\"@type\":\"EntryPoint\",\"urlTemplate\":\"https:\/\/villailuminadafestivales.com\/?s={search_term_string}\"},\"query-input\":\"required name=search_term_string\"}],\"inLanguage\":\"es\"},{\"@type\":\"WebPage\",\"@id\":\"https:\/\/villailuminadafestivales.com\/?page_id=2#webpage\",\"url\":\"https:\/\/villailuminadafestivales.com\/?page_id=2\",\"name\":\"Preguntas frecuentes - Villa iluminada Festivales\",\"isPartOf\":{\"@id\":\"https:\/\/villailuminadafestivales.com\/#website\"},\"datePublished\":\"2021-05-07T14:38:37+00:00\",\"dateModified\":\"2021-07-01T22:35:04+00:00\",\"description\":\"Todo lo que necesitas saber sobre el Festival de Paja . Desde el 2 de Julio en M\\u00e9xico para que puedas disfrutar junto a la familia y amigos\",\"breadcrumb\":{\"@id\":\"https:\/\/villailuminadafestivales.com\/?page_id=2#breadcrumb\"},\"inLanguage\":\"es\",\"potentialAction\":[{\"@type\":\"ReadAction\",\"target\":[\"https:\/\/villailuminadafestivales.com\/?page_id=2\"]}]},{\"@type\":\"BreadcrumbList\",\"@id\":\"https:\/\/villailuminadafestivales.com\/?page_id=2#breadcrumb\",\"itemListElement\":[{\"@type\":\"ListItem\",\"position\":1,\"name\":\"Portada\",\"item\":\"https:\/\/villailuminadafestivales.com\/\"},{\"@type\":\"ListItem\",\"position\":2,\"name\":\"Preguntas frecuentes\"}]}]}<\/script>\n<!-- \/ Yoast SEO plugin. -->","yoast_head_json":{"title":"Preguntas frecuentes - Villa iluminada Festivales","description":"Todo lo que necesitas saber sobre el Festival de Paja . Desde el 2 de Julio en M\u00e9xico para que puedas disfrutar junto a la familia y amigos","robots":{"index":"index","follow":"follow","max-snippet":"max-snippet:-1","max-image-preview":"max-image-preview:large","max-video-preview":"max-video-preview:-1"},"canonical":"https:\/\/villailuminadafestivales.com\/?page_id=2","og_locale":"es_ES","og_type":"article","og_title":"Preguntas frecuentes - Villa iluminada Festivales","og_description":"Todo lo que necesitas saber sobre el Festival de Paja . Desde el 2 de Julio en M\u00e9xico para que puedas disfrutar junto a la familia y amigos","og_url":"https:\/\/villailuminadafestivales.com\/?page_id=2","og_site_name":"Villa iluminada Festivales","article_publisher":"https:\/\/www.facebook.com\/VillaIluminadaOficial","article_modified_time":"2021-07-01T22:35:04+00:00","twitter_card":"summary_large_image","schema":{"@context":"https:\/\/schema.org","@graph":[{"@type":"Organization","@id":"https:\/\/villailuminadafestivales.com\/#organization","name":"Festival de paja","url":"https:\/\/villailuminadafestivales.com\/","sameAs":["https:\/\/www.facebook.com\/VillaIluminadaOficial","https:\/\/www.instagram.com\/villailuminadaoficial\/","https:\/\/www.youtube.com\/channel\/UCYOg8D70Ld0FH86WcwzIEtw"],"logo":{"@type":"ImageObject","@id":"https:\/\/villailuminadafestivales.com\/#logo","inLanguage":"es","url":"https:\/\/villailuminadafestivales.com\/wp-content\/uploads\/2021\/05\/FESTIVAL-DE-PAJA-FINAL-e1621550083961.png","contentUrl":"https:\/\/villailuminadafestivales.com\/wp-content\/uploads\/2021\/05\/FESTIVAL-DE-PAJA-FINAL-e1621550083961.png","width":250,"height":250,"caption":"Festival de paja"},"image":{"@id":"https:\/\/villailuminadafestivales.com\/#logo"}},{"@type":"WebSite","@id":"https:\/\/villailuminadafestivales.com\/#website","url":"https:\/\/villailuminadafestivales.com\/","name":"Villa iluminada Festivales","description":"","publisher":{"@id":"https:\/\/villailuminadafestivales.com\/#organization"},"potentialAction":[{"@type":"SearchAction","target":{"@type":"EntryPoint","urlTemplate":"https:\/\/villailuminadafestivales.com\/?s={search_term_string}"},"query-input":"required name=search_term_string"}],"inLanguage":"es"},{"@type":"WebPage","@id":"https:\/\/villailuminadafestivales.com\/?page_id=2#webpage","url":"https:\/\/villailuminadafestivales.com\/?page_id=2","name":"Preguntas frecuentes - Villa iluminada Festivales","isPartOf":{"@id":"https:\/\/villailuminadafestivales.com\/#website"},"datePublished":"2021-05-07T14:38:37+00:00","dateModified":"2021-07-01T22:35:04+00:00","description":"Todo lo que necesitas saber sobre el Festival de Paja . Desde el 2 de Julio en M\u00e9xico para que puedas disfrutar junto a la familia y amigos","breadcrumb":{"@id":"https:\/\/villailuminadafestivales.com\/?page_id=2#breadcrumb"},"inLanguage":"es","potentialAction":[{"@type":"ReadAction","target":["https:\/\/villailuminadafestivales.com\/?page_id=2"]}]},{"@type":"BreadcrumbList","@id":"https:\/\/villailuminadafestivales.com\/?page_id=2#breadcrumb","itemListElement":[{"@type":"ListItem","position":1,"name":"Portada","item":"https:\/\/villailuminadafestivales.com\/"},{"@type":"ListItem","position":2,"name":"Preguntas frecuentes"}]}]}},"_links":{"self":[{"href":"https:\/\/villailuminadafestivales.com\/index.php?rest_route=\/wp\/v2\/pages\/2"}],"collection":[{"href":"https:\/\/villailuminadafestivales.com\/index.php?rest_route=\/wp\/v2\/pages"}],"about":[{"href":"https:\/\/villailuminadafestivales.com\/index.php?rest_route=\/wp\/v2\/types\/page"}],"author":[{"embeddable":true,"href":"https:\/\/villailuminadafestivales.com\/index.php?rest_route=\/wp\/v2\/users\/1"}],"replies":[{"embeddable":true,"href":"https:\/\/villailuminadafestivales.com\/index.php?rest_route=%2Fwp%2Fv2%2Fcomments&post=2"}],"version-history":[{"count":10,"href":"https:\/\/villailuminadafestivales.com\/index.php?rest_route=\/wp\/v2\/pages\/2\/revisions"}],"predecessor-version":[{"id":6910,"href":"https:\/\/villailuminadafestivales.com\/index.php?rest_route=\/wp\/v2\/pages\/2\/revisions\/6910"}],"wp:attachment":[{"href":"https:\/\/villailuminadafestivales.com\/index.php?rest_route=%2Fwp%2Fv2%2Fmedia&parent=2"}],"curies":[{"name":"wp","href":"https:\/\/api.w.org\/{rel}","templated":true}]}}