{"id":25,"date":"2015-12-30T15:41:20","date_gmt":"2015-12-30T21:41:20","guid":{"rendered":"http:\/\/themenectar.com\/demo\/salient-corporate\/?page_id=25"},"modified":"2021-06-29T11:45:57","modified_gmt":"2021-06-29T16:45:57","slug":"como-llegar-festival-de-paja","status":"publish","type":"page","link":"https:\/\/villailuminadafestivales.com\/?page_id=25","title":{"rendered":"\u00bfC\u00f3mo llegar al Festival de Paja?"},"content":{"rendered":"[vc_row type=\u00bbfull_width_content\u00bb full_screen_row_position=\u00bbmiddle\u00bb column_margin=\u00bbdefault\u00bb column_direction=\u00bbdefault\u00bb column_direction_tablet=\u00bbdefault\u00bb column_direction_phone=\u00bbdefault\u00bb scene_position=\u00bbcenter\u00bb text_color=\u00bblight\u00bb text_align=\u00bbcenter\u00bb row_border_radius=\u00bbnone\u00bb row_border_radius_applies=\u00bbbg\u00bb overlay_strength=\u00bb0.95&#8243; gradient_direction=\u00bbleft_to_right\u00bb shape_divider_position=\u00bbbottom\u00bb bg_image_animation=\u00bbnone\u00bb shape_type=\u00bb\u00bb][vc_column column_padding=\u00bbno-extra-padding\u00bb column_padding_tablet=\u00bbinherit\u00bb column_padding_phone=\u00bbinherit\u00bb column_padding_position=\u00bball\u00bb column_element_spacing=\u00bbdefault\u00bb background_color_opacity=\u00bb1&#8243; background_hover_color_opacity=\u00bb1&#8243; column_shadow=\u00bbnone\u00bb column_border_radius=\u00bbnone\u00bb column_link_target=\u00bb_self\u00bb gradient_direction=\u00bbleft_to_right\u00bb overlay_strength=\u00bb0.3&#8243; width=\u00bb1\/1&#8243; tablet_width_inherit=\u00bbdefault\u00bb tablet_text_alignment=\u00bbdefault\u00bb phone_text_alignment=\u00bbdefault\u00bb bg_image_animation=\u00bbnone\u00bb border_type=\u00bbsimple\u00bb column_border_width=\u00bbnone\u00bb column_border_style=\u00bbsolid\u00bb][nectar_gmap map_type=\u00bbleaflet\u00bb zoom=\u00bb14&#8243; marker_style=\u00bbnectar\u00bb color=\u00bbaccent-color\u00bb size=\u00bb500&#8243; map_center_lat=\u00bb18.85648509310106&#8243; map_center_lng=\u00bb-98.44552988777502&#8243; map_markers=\u00bb18.855840318453136|-98.44617619158976| Festival de Paja\u00bb][\/vc_column][\/vc_row][vc_row type=\u00bbfull_width_content\u00bb full_screen_row_position=\u00bbmiddle\u00bb column_margin=\u00bbdefault\u00bb vertically_center_columns=\u00bbtrue\u00bb column_direction=\u00bbdefault\u00bb column_direction_tablet=\u00bbdefault\u00bb column_direction_phone=\u00bbdefault\u00bb bg_color=\u00bb#f7f7f7&#8243; scene_position=\u00bbcenter\u00bb text_color=\u00bbdark\u00bb text_align=\u00bbleft\u00bb row_border_radius=\u00bbnone\u00bb row_border_radius_applies=\u00bbbg\u00bb overlay_strength=\u00bb0.3&#8243; gradient_direction=\u00bbleft_to_right\u00bb shape_divider_position=\u00bbbottom\u00bb bg_image_animation=\u00bbnone\u00bb shape_type=\u00bb\u00bb][vc_column column_padding=\u00bbpadding-1-percent\u00bb column_padding_tablet=\u00bbinherit\u00bb column_padding_phone=\u00bbinherit\u00bb column_padding_position=\u00bball\u00bb column_element_spacing=\u00bbdefault\u00bb background_color_opacity=\u00bb1&#8243; background_hover_color_opacity=\u00bb1&#8243; column_shadow=\u00bbnone\u00bb column_border_radius=\u00bbnone\u00bb column_link_target=\u00bb_self\u00bb gradient_direction=\u00bbleft_to_right\u00bb overlay_strength=\u00bb0.3&#8243; width=\u00bb1\/1&#8243; tablet_width_inherit=\u00bbdefault\u00bb tablet_text_alignment=\u00bbdefault\u00bb phone_text_alignment=\u00bbdefault\u00bb bg_image_animation=\u00bbnone\u00bb border_type=\u00bbsimple\u00bb column_border_width=\u00bbnone\u00bb column_border_style=\u00bbsolid\u00bb][vc_column_text]\n<h1 style=\"text-align: center;\"><span style=\"color: #e01dbf;\">\u00bfC\u00f3mo llegar?<\/span><\/h1>\n<h6><\/h6>\n[\/vc_column_text][\/vc_column][\/vc_row][vc_row type=\u00bbin_container\u00bb full_screen_row_position=\u00bbmiddle\u00bb column_margin=\u00bbdefault\u00bb column_direction=\u00bbdefault\u00bb column_direction_tablet=\u00bbdefault\u00bb column_direction_phone=\u00bbdefault\u00bb scene_position=\u00bbcenter\u00bb text_color=\u00bbdark\u00bb text_align=\u00bbleft\u00bb row_border_radius=\u00bbnone\u00bb row_border_radius_applies=\u00bbbg\u00bb overlay_strength=\u00bb0.3&#8243; gradient_direction=\u00bbleft_to_right\u00bb shape_divider_position=\u00bbbottom\u00bb bg_image_animation=\u00bbnone\u00bb][vc_column column_padding=\u00bbpadding-10-percent\u00bb column_padding_tablet=\u00bbinherit\u00bb column_padding_phone=\u00bbinherit\u00bb column_padding_position=\u00bball\u00bb column_element_spacing=\u00bbdefault\u00bb background_color_opacity=\u00bb1&#8243; background_hover_color_opacity=\u00bb1&#8243; column_shadow=\u00bbnone\u00bb column_border_radius=\u00bbnone\u00bb column_link_target=\u00bb_self\u00bb gradient_direction=\u00bbleft_to_right\u00bb overlay_strength=\u00bb0.3&#8243; width=\u00bb1\/2&#8243; tablet_width_inherit=\u00bbdefault\u00bb tablet_text_alignment=\u00bbdefault\u00bb phone_text_alignment=\u00bbdefault\u00bb bg_image_animation=\u00bbnone\u00bb border_type=\u00bbsimple\u00bb column_border_width=\u00bbnone\u00bb column_border_style=\u00bbsolid\u00bb][vc_column_text]\n<h4 style=\"text-align: center;\"><span style=\"color: #e01dbf;\">\u00bfTIENES ALGUNA PREGUNTA? ESCRIBE UN MENSAJE<\/span><\/h4>\n<h6><\/h6>\n[\/vc_column_text]<div role=\"form\" class=\"wpcf7\" id=\"wpcf7-f6682-o1\" lang=\"es-ES\" dir=\"ltr\">\n<div class=\"screen-reader-response\"><p role=\"status\" aria-live=\"polite\" aria-atomic=\"true\"><\/p> <ul><\/ul><\/div>\n<form action=\"\/index.php?rest_route=%2Fwp%2Fv2%2Fpages%2F25#wpcf7-f6682-o1\" method=\"post\" class=\"wpcf7-form init\" novalidate=\"novalidate\" data-status=\"init\">\n<div style=\"display: none;\">\n<input type=\"hidden\" name=\"_wpcf7\" value=\"6682\" \/>\n<input type=\"hidden\" name=\"_wpcf7_version\" value=\"5.4.2\" \/>\n<input type=\"hidden\" name=\"_wpcf7_locale\" value=\"es_ES\" \/>\n<input type=\"hidden\" name=\"_wpcf7_unit_tag\" value=\"wpcf7-f6682-o1\" \/>\n<input type=\"hidden\" name=\"_wpcf7_container_post\" value=\"0\" \/>\n<input type=\"hidden\" name=\"_wpcf7_posted_data_hash\" value=\"\" \/>\n<input type=\"hidden\" name=\"_wpcf7_recaptcha_response\" value=\"\" \/>\n<\/div>\n<p><label> Nombre<br \/>\n    <span class=\"wpcf7-form-control-wrap your-name\"><input type=\"text\" name=\"your-name\" value=\"\" size=\"40\" class=\"wpcf7-form-control wpcf7-text wpcf7-validates-as-required\" aria-required=\"true\" aria-invalid=\"false\" \/><\/span> <\/label><\/p>\n<p><label> Correo electr\u00f3nico<br \/>\n    <span class=\"wpcf7-form-control-wrap your-email\"><input type=\"email\" name=\"your-email\" value=\"\" size=\"40\" class=\"wpcf7-form-control wpcf7-text wpcf7-email wpcf7-validates-as-required wpcf7-validates-as-email\" aria-required=\"true\" aria-invalid=\"false\" \/><\/span> <\/label><\/p>\n<p><label> Tel\u00e9fono<br \/>\n    <span class=\"wpcf7-form-control-wrap your-phone\"><input type=\"text\" name=\"your-phone\" value=\"\" size=\"40\" class=\"wpcf7-form-control wpcf7-text wpcf7-validates-as-required\" aria-required=\"true\" aria-invalid=\"false\" \/><\/span> <\/label><\/p>\n<p><label> Consulta<br \/>\n    <span class=\"wpcf7-form-control-wrap your-message\"><textarea name=\"your-message\" cols=\"40\" rows=\"10\" class=\"wpcf7-form-control wpcf7-textarea\" aria-invalid=\"false\"><\/textarea><\/span> <\/label><\/p>\n<span class=\"wpcf7-form-control-wrap recaptcha\"><span data-sitekey=\"6Leu-vUaAAAAAO06KdpHFDECtSTlPlBNrVJmyo44\" data-align=\"center\" class=\"wpcf7-form-control g-recaptcha wpcf7-recaptcha\"><\/span>\r\n<noscript>\r\n\t<div class=\"grecaptcha-noscript\">\r\n\t\t<iframe src=\"https:\/\/www.google.com\/recaptcha\/api\/fallback?k=6Leu-vUaAAAAAO06KdpHFDECtSTlPlBNrVJmyo44\" frameborder=\"0\" scrolling=\"no\" width=\"310\" height=\"430\">\r\n\t\t<\/iframe>\r\n\t\t<textarea name=\"g-recaptcha-response\" rows=\"3\" cols=\"40\" placeholder=\"Aqu\u00ed la respuesta de reCAPTCHA\">\r\n\t\t<\/textarea>\r\n\t<\/div>\r\n<\/noscript>\r\n<\/span>\n<p><input type=\"submit\" value=\"Enviar\" class=\"wpcf7-form-control wpcf7-submit\" \/><\/p>\n<div class=\"wpcf7-response-output\" aria-hidden=\"true\"><\/div><\/form><\/div>[\/vc_column][vc_column column_padding=\u00bbno-extra-padding\u00bb column_padding_tablet=\u00bbinherit\u00bb column_padding_phone=\u00bbinherit\u00bb column_padding_position=\u00bball\u00bb column_element_spacing=\u00bbdefault\u00bb background_color_opacity=\u00bb1&#8243; background_hover_color_opacity=\u00bb1&#8243; column_shadow=\u00bbnone\u00bb column_border_radius=\u00bbnone\u00bb column_link_target=\u00bb_self\u00bb gradient_direction=\u00bbleft_to_right\u00bb overlay_strength=\u00bb0.3&#8243; width=\u00bb1\/2&#8243; tablet_width_inherit=\u00bbdefault\u00bb tablet_text_alignment=\u00bbdefault\u00bb phone_text_alignment=\u00bbdefault\u00bb bg_image_animation=\u00bbnone\u00bb border_type=\u00bbsimple\u00bb column_border_width=\u00bbnone\u00bb column_border_style=\u00bbsolid\u00bb][vc_row_inner content_placement=\u00bbmiddle\u00bb column_margin=\u00bbdefault\u00bb column_direction=\u00bbdefault\u00bb column_direction_tablet=\u00bbdefault\u00bb column_direction_phone=\u00bbdefault\u00bb text_align=\u00bbcenter\u00bb css=\u00bb.vc_custom_1622618274420{background-color: #ffffff !important;}\u00bb][vc_column_inner column_padding=\u00bbpadding-10-percent\u00bb column_padding_tablet=\u00bbinherit\u00bb column_padding_phone=\u00bbinherit\u00bb column_padding_position=\u00bball\u00bb column_element_spacing=\u00bbdefault\u00bb background_color_opacity=\u00bb1&#8243; background_hover_color_opacity=\u00bb1&#8243; column_shadow=\u00bbnone\u00bb column_border_radius=\u00bbnone\u00bb column_link_target=\u00bb_self\u00bb gradient_direction=\u00bbleft_to_right\u00bb overlay_strength=\u00bb0.3&#8243; width=\u00bb1\/1&#8243; tablet_width_inherit=\u00bbdefault\u00bb bg_image_animation=\u00bbnone\u00bb border_type=\u00bbsimple\u00bb column_border_width=\u00bbnone\u00bb column_border_style=\u00bbsolid\u00bb][image_with_animation image_url=\u00bb6643&#8243; animation=\u00bbFade In\u00bb hover_animation=\u00bbnone\u00bb alignment=\u00bbcenter\u00bb border_radius=\u00bbnone\u00bb box_shadow=\u00bbnone\u00bb image_loading=\u00bbdefault\u00bb max_width=\u00bb100%\u00bb max_width_mobile=\u00bbdefault\u00bb][vc_column_text]\n<h4 style=\"text-align: center;\"><span style=\"color: #e01dbf;\">DIRECCI\u00d3N<\/span><\/h4>\n<p>Villa Iluminada Festivales, Calle 6 Sur S\/N, Aerodr\u00f3mo de, 74377 Atlixco, Pue., M\u00e9xico<\/p>\n<h6><\/h6>\n[\/vc_column_text][vc_column_text]\n<h4 style=\"text-align: center;\"><span style=\"color: #e01dbf;\">S\u00cdGUENOS EN REDES<\/span><\/h4>\n<h6><\/h6>\n[\/vc_column_text]<div class=\"iwithtext\"><div class=\"iwt-icon\"> <i class=\"icon-default-style fa fa-facebook accent-color\"><\/i> <\/div><div class=\"iwt-text\"> <strong><span style=\"color: #e01dbf;\">FACEBOOK<\/span><\/strong> <\/div><div class=\"clear\"><\/div><\/div><div class=\"iwithtext\"><div class=\"iwt-icon\"> <i class=\"icon-default-style fa fa-instagram accent-color\"><\/i> <\/div><div class=\"iwt-text\"> <strong><span style=\"color: #e01dbf;\">INSTAGRAM<\/span><\/strong> <\/div><div class=\"clear\"><\/div><\/div>[\/vc_column_inner][\/vc_row_inner][\/vc_column][\/vc_row]\n","protected":false},"excerpt":{"rendered":"<p>[vc_row type=\u00bbfull_width_content\u00bb full_screen_row_position=\u00bbmiddle\u00bb column_margin=\u00bbdefault\u00bb column_direction=\u00bbdefault\u00bb column_direction_tablet=\u00bbdefault\u00bb column_direction_phone=\u00bbdefault\u00bb scene_position=\u00bbcenter\u00bb text_color=\u00bblight\u00bb text_align=\u00bbcenter\u00bb row_border_radius=\u00bbnone\u00bb row_border_radius_applies=\u00bbbg\u00bb overlay_strength=\u00bb0.95&#8243; gradient_direction=\u00bbleft_to_right\u00bb shape_divider_position=\u00bbbottom\u00bb bg_image_animation=\u00bbnone\u00bb shape_type=\u00bb\u00bb][vc_column column_padding=\u00bbno-extra-padding\u00bb column_padding_tablet=\u00bbinherit\u00bb column_padding_phone=\u00bbinherit\u00bb column_padding_position=\u00bball\u00bb column_element_spacing=\u00bbdefault\u00bb background_color_opacity=\u00bb1&#8243; background_hover_color_opacity=\u00bb1&#8243; column_shadow=\u00bbnone\u00bb column_border_radius=\u00bbnone\u00bb column_link_target=\u00bb_self\u00bb gradient_direction=\u00bbleft_to_right\u00bb overlay_strength=\u00bb0.3&#8243; width=\u00bb1\/1&#8243;&#8230;<\/p>\n","protected":false},"author":1,"featured_media":0,"parent":0,"menu_order":0,"comment_status":"closed","ping_status":"closed","template":"","meta":[],"yoast_head":"<!-- This site is optimized with the Yoast SEO plugin v16.8 - https:\/\/yoast.com\/wordpress\/plugins\/seo\/ -->\n<title>\u00bfC\u00f3mo llegar al Festival de Paja? - Villa iluminada Festivales<\/title>\n<meta name=\"description\" content=\"La forma m\u00e1s r\u00e1pida de llegar al Festival de Paja. Desde el 2 de Julio en parque Xtremo. Atlixco Puebla. El lugar perfecto para disfrutar\" \/>\n<meta name=\"robots\" content=\"index, follow, max-snippet:-1, max-image-preview:large, max-video-preview:-1\" \/>\n<link rel=\"canonical\" href=\"https:\/\/villailuminadafestivales.com\/?page_id=25\" \/>\n<meta property=\"og:locale\" content=\"es_ES\" \/>\n<meta property=\"og:type\" content=\"article\" \/>\n<meta property=\"og:title\" content=\"\u00bfC\u00f3mo llegar al Festival de Paja? - Villa iluminada Festivales\" \/>\n<meta property=\"og:description\" content=\"La forma m\u00e1s r\u00e1pida de llegar al Festival de Paja. Desde el 2 de Julio en parque Xtremo. Atlixco Puebla. El lugar perfecto para disfrutar\" \/>\n<meta property=\"og:url\" content=\"https:\/\/villailuminadafestivales.com\/?page_id=25\" \/>\n<meta property=\"og:site_name\" content=\"Villa iluminada Festivales\" \/>\n<meta property=\"article:publisher\" content=\"https:\/\/www.facebook.com\/VillaIluminadaOficial\" \/>\n<meta property=\"article:modified_time\" content=\"2021-06-29T16:45:57+00:00\" \/>\n<meta name=\"twitter:card\" content=\"summary_large_image\" \/>\n<script type=\"application\/ld+json\" class=\"yoast-schema-graph\">{\"@context\":\"https:\/\/schema.org\",\"@graph\":[{\"@type\":\"Organization\",\"@id\":\"https:\/\/villailuminadafestivales.com\/#organization\",\"name\":\"Festival de paja\",\"url\":\"https:\/\/villailuminadafestivales.com\/\",\"sameAs\":[\"https:\/\/www.facebook.com\/VillaIluminadaOficial\",\"https:\/\/www.instagram.com\/villailuminadaoficial\/\",\"https:\/\/www.youtube.com\/channel\/UCYOg8D70Ld0FH86WcwzIEtw\"],\"logo\":{\"@type\":\"ImageObject\",\"@id\":\"https:\/\/villailuminadafestivales.com\/#logo\",\"inLanguage\":\"es\",\"url\":\"https:\/\/villailuminadafestivales.com\/wp-content\/uploads\/2021\/05\/FESTIVAL-DE-PAJA-FINAL-e1621550083961.png\",\"contentUrl\":\"https:\/\/villailuminadafestivales.com\/wp-content\/uploads\/2021\/05\/FESTIVAL-DE-PAJA-FINAL-e1621550083961.png\",\"width\":250,\"height\":250,\"caption\":\"Festival de paja\"},\"image\":{\"@id\":\"https:\/\/villailuminadafestivales.com\/#logo\"}},{\"@type\":\"WebSite\",\"@id\":\"https:\/\/villailuminadafestivales.com\/#website\",\"url\":\"https:\/\/villailuminadafestivales.com\/\",\"name\":\"Villa iluminada Festivales\",\"description\":\"\",\"publisher\":{\"@id\":\"https:\/\/villailuminadafestivales.com\/#organization\"},\"potentialAction\":[{\"@type\":\"SearchAction\",\"target\":{\"@type\":\"EntryPoint\",\"urlTemplate\":\"https:\/\/villailuminadafestivales.com\/?s={search_term_string}\"},\"query-input\":\"required name=search_term_string\"}],\"inLanguage\":\"es\"},{\"@type\":\"WebPage\",\"@id\":\"https:\/\/villailuminadafestivales.com\/?page_id=25#webpage\",\"url\":\"https:\/\/villailuminadafestivales.com\/?page_id=25\",\"name\":\"\\u00bfC\\u00f3mo llegar al Festival de Paja? - Villa iluminada Festivales\",\"isPartOf\":{\"@id\":\"https:\/\/villailuminadafestivales.com\/#website\"},\"datePublished\":\"2015-12-30T21:41:20+00:00\",\"dateModified\":\"2021-06-29T16:45:57+00:00\",\"description\":\"La forma m\\u00e1s r\\u00e1pida de llegar al Festival de Paja. Desde el 2 de Julio en parque Xtremo. Atlixco Puebla. El lugar perfecto para disfrutar\",\"breadcrumb\":{\"@id\":\"https:\/\/villailuminadafestivales.com\/?page_id=25#breadcrumb\"},\"inLanguage\":\"es\",\"potentialAction\":[{\"@type\":\"ReadAction\",\"target\":[\"https:\/\/villailuminadafestivales.com\/?page_id=25\"]}]},{\"@type\":\"BreadcrumbList\",\"@id\":\"https:\/\/villailuminadafestivales.com\/?page_id=25#breadcrumb\",\"itemListElement\":[{\"@type\":\"ListItem\",\"position\":1,\"name\":\"Portada\",\"item\":\"https:\/\/villailuminadafestivales.com\/\"},{\"@type\":\"ListItem\",\"position\":2,\"name\":\"\\u00bfC\\u00f3mo llegar al Festival de Paja?\"}]}]}<\/script>\n<!-- \/ Yoast SEO plugin. -->","yoast_head_json":{"title":"\u00bfC\u00f3mo llegar al Festival de Paja? - Villa iluminada Festivales","description":"La forma m\u00e1s r\u00e1pida de llegar al Festival de Paja. Desde el 2 de Julio en parque Xtremo. Atlixco Puebla. El lugar perfecto para disfrutar","robots":{"index":"index","follow":"follow","max-snippet":"max-snippet:-1","max-image-preview":"max-image-preview:large","max-video-preview":"max-video-preview:-1"},"canonical":"https:\/\/villailuminadafestivales.com\/?page_id=25","og_locale":"es_ES","og_type":"article","og_title":"\u00bfC\u00f3mo llegar al Festival de Paja? - Villa iluminada Festivales","og_description":"La forma m\u00e1s r\u00e1pida de llegar al Festival de Paja. Desde el 2 de Julio en parque Xtremo. Atlixco Puebla. El lugar perfecto para disfrutar","og_url":"https:\/\/villailuminadafestivales.com\/?page_id=25","og_site_name":"Villa iluminada Festivales","article_publisher":"https:\/\/www.facebook.com\/VillaIluminadaOficial","article_modified_time":"2021-06-29T16:45:57+00:00","twitter_card":"summary_large_image","schema":{"@context":"https:\/\/schema.org","@graph":[{"@type":"Organization","@id":"https:\/\/villailuminadafestivales.com\/#organization","name":"Festival de paja","url":"https:\/\/villailuminadafestivales.com\/","sameAs":["https:\/\/www.facebook.com\/VillaIluminadaOficial","https:\/\/www.instagram.com\/villailuminadaoficial\/","https:\/\/www.youtube.com\/channel\/UCYOg8D70Ld0FH86WcwzIEtw"],"logo":{"@type":"ImageObject","@id":"https:\/\/villailuminadafestivales.com\/#logo","inLanguage":"es","url":"https:\/\/villailuminadafestivales.com\/wp-content\/uploads\/2021\/05\/FESTIVAL-DE-PAJA-FINAL-e1621550083961.png","contentUrl":"https:\/\/villailuminadafestivales.com\/wp-content\/uploads\/2021\/05\/FESTIVAL-DE-PAJA-FINAL-e1621550083961.png","width":250,"height":250,"caption":"Festival de paja"},"image":{"@id":"https:\/\/villailuminadafestivales.com\/#logo"}},{"@type":"WebSite","@id":"https:\/\/villailuminadafestivales.com\/#website","url":"https:\/\/villailuminadafestivales.com\/","name":"Villa iluminada Festivales","description":"","publisher":{"@id":"https:\/\/villailuminadafestivales.com\/#organization"},"potentialAction":[{"@type":"SearchAction","target":{"@type":"EntryPoint","urlTemplate":"https:\/\/villailuminadafestivales.com\/?s={search_term_string}"},"query-input":"required name=search_term_string"}],"inLanguage":"es"},{"@type":"WebPage","@id":"https:\/\/villailuminadafestivales.com\/?page_id=25#webpage","url":"https:\/\/villailuminadafestivales.com\/?page_id=25","name":"\u00bfC\u00f3mo llegar al Festival de Paja? - Villa iluminada Festivales","isPartOf":{"@id":"https:\/\/villailuminadafestivales.com\/#website"},"datePublished":"2015-12-30T21:41:20+00:00","dateModified":"2021-06-29T16:45:57+00:00","description":"La forma m\u00e1s r\u00e1pida de llegar al Festival de Paja. Desde el 2 de Julio en parque Xtremo. Atlixco Puebla. El lugar perfecto para disfrutar","breadcrumb":{"@id":"https:\/\/villailuminadafestivales.com\/?page_id=25#breadcrumb"},"inLanguage":"es","potentialAction":[{"@type":"ReadAction","target":["https:\/\/villailuminadafestivales.com\/?page_id=25"]}]},{"@type":"BreadcrumbList","@id":"https:\/\/villailuminadafestivales.com\/?page_id=25#breadcrumb","itemListElement":[{"@type":"ListItem","position":1,"name":"Portada","item":"https:\/\/villailuminadafestivales.com\/"},{"@type":"ListItem","position":2,"name":"\u00bfC\u00f3mo llegar al Festival de Paja?"}]}]}},"_links":{"self":[{"href":"https:\/\/villailuminadafestivales.com\/index.php?rest_route=\/wp\/v2\/pages\/25"}],"collection":[{"href":"https:\/\/villailuminadafestivales.com\/index.php?rest_route=\/wp\/v2\/pages"}],"about":[{"href":"https:\/\/villailuminadafestivales.com\/index.php?rest_route=\/wp\/v2\/types\/page"}],"author":[{"embeddable":true,"href":"https:\/\/villailuminadafestivales.com\/index.php?rest_route=\/wp\/v2\/users\/1"}],"replies":[{"embeddable":true,"href":"https:\/\/villailuminadafestivales.com\/index.php?rest_route=%2Fwp%2Fv2%2Fcomments&post=25"}],"version-history":[{"count":14,"href":"https:\/\/villailuminadafestivales.com\/index.php?rest_route=\/wp\/v2\/pages\/25\/revisions"}],"predecessor-version":[{"id":6890,"href":"https:\/\/villailuminadafestivales.com\/index.php?rest_route=\/wp\/v2\/pages\/25\/revisions\/6890"}],"wp:attachment":[{"href":"https:\/\/villailuminadafestivales.com\/index.php?rest_route=%2Fwp%2Fv2%2Fmedia&parent=25"}],"curies":[{"name":"wp","href":"https:\/\/api.w.org\/{rel}","templated":true}]}}